{"id":12,"date":"2022-11-01T01:26:10","date_gmt":"2022-11-01T01:26:10","guid":{"rendered":"https:\/\/bubopublicidad.com\/?page_id=12"},"modified":"2023-07-20T04:13:18","modified_gmt":"2023-07-20T04:13:18","slug":"acerca-de","status":"publish","type":"page","link":"https:\/\/bubopublicidad.com\/index.php\/acerca-de\/","title":{"rendered":"Nosotros"},"content":{"rendered":"\t\t<div data-elementor-type=\"wp-page\" data-elementor-id=\"12\" class=\"elementor elementor-12\">\n\t\t\t\t\t\t<section class=\"elementor-section elementor-top-section elementor-element elementor-element-2be8998b elementor-section-height-min-height elementor-section-items-bottom elementor-section-boxed elementor-section-height-default\" data-id=\"2be8998b\" data-element_type=\"section\" data-settings=\"{&quot;background_background&quot;:&quot;classic&quot;}\">\n\t\t\t\t\t\t\t<div class=\"elementor-background-overlay\"><\/div>\n\t\t\t\t\t\t\t<div class=\"elementor-container elementor-column-gap-no\">\n\t\t\t\t\t<div class=\"elementor-column elementor-col-100 elementor-top-column elementor-element elementor-element-2f20156f\" data-id=\"2f20156f\" data-element_type=\"column\">\n\t\t\t<div class=\"elementor-widget-wrap elementor-element-populated\">\n\t\t\t\t\t\t<div class=\"elementor-element elementor-element-1bbba6fb elementor-widget elementor-widget-text-editor\" data-id=\"1bbba6fb\" data-element_type=\"widget\" data-widget_type=\"text-editor.default\">\n\t\t\t\t<div class=\"elementor-widget-container\">\n\t\t\t\t\t\t\t\t\t<p>Cada Empresa tiene su Historia, y\u00a0 su <strong>Identidad \u00danica, Esperamos tener la oportunidad de trabajar contigo y ayudarte a <\/strong>lograr tus objetivos\u00a0 de Identidad Visual de <strong>tu Empresa.<\/strong><\/p>\t\t\t\t\t\t\t\t<\/div>\n\t\t\t\t<\/div>\n\t\t\t\t\t<\/div>\n\t\t<\/div>\n\t\t\t\t\t<\/div>\n\t\t<\/section>\n\t\t\t\t<section class=\"elementor-section elementor-top-section elementor-element elementor-element-3b77b6dc elementor-section-boxed elementor-section-height-default elementor-section-height-default\" data-id=\"3b77b6dc\" data-element_type=\"section\">\n\t\t\t\t\t\t<div class=\"elementor-container elementor-column-gap-default\">\n\t\t\t\t\t<div class=\"elementor-column elementor-col-100 elementor-top-column elementor-element elementor-element-72a373bc\" data-id=\"72a373bc\" data-element_type=\"column\">\n\t\t\t<div class=\"elementor-widget-wrap elementor-element-populated\">\n\t\t\t\t\t\t<div class=\"elementor-element elementor-element-68ef522f elementor-widget__width-initial elementor-widget elementor-widget-text-editor\" data-id=\"68ef522f\" data-element_type=\"widget\" data-widget_type=\"text-editor.default\">\n\t\t\t\t<div class=\"elementor-widget-container\">\n\t\t\t\t\t\t\t\t\t<p><\/p>\n<h2 class=\"wp-block-heading\" style=\"font-style: normal; font-weight: 100;\">Hola Soy <strong>David A. Camacho<\/strong>, Nuestra Agencia se<strong> Centra en el Dise\u00f1o y Estrategia Comercial <\/strong>de tu Cl\u00ednica, Consultorio, Profesi\u00f3n y <b>de tu Empresa.<\/b><\/h2>\n<h2 style=\"font-style: normal; font-weight: 100;\"><b>\u00a0<\/b><strong>Todo esto de Manera Digital, Sabemos que todo cambio es dif\u00edcil <\/strong>por lo que nosotros<strong> estaremos para ayudarte con ese empuje<\/strong> que necesitas para ir transformando de manera significativa los entornos profesionales que necesite <strong>tu departamento de venta digital.<\/strong><\/h2>\n<p><span style=\"color: #ffffff;\">\u00a0<\/span><\/p>\n<p><\/p>\n<p><\/p>\n<hr \/>\n<p><\/p>\t\t\t\t\t\t\t\t<\/div>\n\t\t\t\t<\/div>\n\t\t\t\t\t<\/div>\n\t\t<\/div>\n\t\t\t\t\t<\/div>\n\t\t<\/section>\n\t\t\t\t<section class=\"elementor-section elementor-top-section elementor-element elementor-element-5af7e591 elementor-section-content-middle elementor-section-height-min-height elementor-section-boxed elementor-section-height-default elementor-section-items-middle\" data-id=\"5af7e591\" data-element_type=\"section\">\n\t\t\t\t\t\t\t<div class=\"elementor-background-overlay\"><\/div>\n\t\t\t\t\t\t\t<div class=\"elementor-container elementor-column-gap-narrow\">\n\t\t\t\t\t<div class=\"elementor-column elementor-col-33 elementor-top-column elementor-element elementor-element-6e6b47bf\" data-id=\"6e6b47bf\" data-element_type=\"column\">\n\t\t\t<div class=\"elementor-widget-wrap elementor-element-populated\">\n\t\t\t\t\t\t<div class=\"elementor-element elementor-element-5732325 elementor-widget elementor-widget-heading\" data-id=\"5732325\" data-element_type=\"widget\" data-widget_type=\"heading.default\">\n\t\t\t\t<div class=\"elementor-widget-container\">\n\t\t\t\t\t<h3 class=\"elementor-heading-title elementor-size-default\">Principal Objetivo<\/h3>\t\t\t\t<\/div>\n\t\t\t\t<\/div>\n\t\t\t\t<div class=\"elementor-element elementor-element-108b8d8 elementor-widget elementor-widget-text-editor\" data-id=\"108b8d8\" data-element_type=\"widget\" data-widget_type=\"text-editor.default\">\n\t\t\t\t<div class=\"elementor-widget-container\">\n\t\t\t\t\t\t\t\t\t<h4><em><span style=\"color: #ffffff;\">El Principal Objetivo que tiene nuestra Agencia es promover y acelerar el proceso de publicidad en tu Cl\u00ednica, o Empresa .<\/span><\/em><\/h4>\t\t\t\t\t\t\t\t<\/div>\n\t\t\t\t<\/div>\n\t\t\t\t<div class=\"elementor-element elementor-element-407de981 elementor-widget elementor-widget-image\" data-id=\"407de981\" data-element_type=\"widget\" data-widget_type=\"image.default\">\n\t\t\t\t<div class=\"elementor-widget-container\">\n\t\t\t\t\t\t\t\t\t\t\t\t\t\t\t<img fetchpriority=\"high\" decoding=\"async\" width=\"950\" height=\"634\" src=\"https:\/\/bubopublicidad.com\/wp-content\/uploads\/2022\/11\/Tarjeta-logo-papel-1024x683.png\" class=\"elementor-animation-grow attachment-large size-large wp-image-74\" alt=\"\" srcset=\"https:\/\/bubopublicidad.com\/wp-content\/uploads\/2022\/11\/Tarjeta-logo-papel-1024x683.png 1024w, https:\/\/bubopublicidad.com\/wp-content\/uploads\/2022\/11\/Tarjeta-logo-papel-300x200.png 300w, https:\/\/bubopublicidad.com\/wp-content\/uploads\/2022\/11\/Tarjeta-logo-papel-768x513.png 768w, https:\/\/bubopublicidad.com\/wp-content\/uploads\/2022\/11\/Tarjeta-logo-papel-1536x1025.png 1536w, https:\/\/bubopublicidad.com\/wp-content\/uploads\/2022\/11\/Tarjeta-logo-papel-2048x1367.png 2048w, https:\/\/bubopublicidad.com\/wp-content\/uploads\/2022\/11\/Tarjeta-logo-papel-2000x1335.png 2000w\" sizes=\"100vw\" \/>\t\t\t\t\t\t\t\t\t\t\t\t\t\t\t<\/div>\n\t\t\t\t<\/div>\n\t\t\t\t\t<\/div>\n\t\t<\/div>\n\t\t\t\t<div class=\"elementor-column elementor-col-33 elementor-top-column elementor-element elementor-element-245d3264\" data-id=\"245d3264\" data-element_type=\"column\">\n\t\t\t<div class=\"elementor-widget-wrap elementor-element-populated\">\n\t\t\t\t\t\t<div class=\"elementor-element elementor-element-57c21734 elementor-widget elementor-widget-image\" data-id=\"57c21734\" data-element_type=\"widget\" data-widget_type=\"image.default\">\n\t\t\t\t<div class=\"elementor-widget-container\">\n\t\t\t\t\t\t\t\t\t\t\t\t\t\t\t<img decoding=\"async\" width=\"768\" height=\"1365\" src=\"https:\/\/bubopublicidad.com\/wp-content\/uploads\/2022\/11\/Historias--768x1365.jpg\" class=\"elementor-animation-grow attachment-medium_large size-medium_large wp-image-45\" alt=\"\" srcset=\"https:\/\/bubopublicidad.com\/wp-content\/uploads\/2022\/11\/Historias--768x1365.jpg 768w, https:\/\/bubopublicidad.com\/wp-content\/uploads\/2022\/11\/Historias--169x300.jpg 169w, https:\/\/bubopublicidad.com\/wp-content\/uploads\/2022\/11\/Historias--576x1024.jpg 576w, https:\/\/bubopublicidad.com\/wp-content\/uploads\/2022\/11\/Historias--864x1536.jpg 864w, https:\/\/bubopublicidad.com\/wp-content\/uploads\/2022\/11\/Historias-.jpg 1080w\" sizes=\"100vw\" \/>\t\t\t\t\t\t\t\t\t\t\t\t\t\t\t<\/div>\n\t\t\t\t<\/div>\n\t\t\t\t\t<\/div>\n\t\t<\/div>\n\t\t\t\t<div class=\"elementor-column elementor-col-33 elementor-top-column elementor-element elementor-element-1378c1b8\" data-id=\"1378c1b8\" data-element_type=\"column\">\n\t\t\t<div class=\"elementor-widget-wrap elementor-element-populated\">\n\t\t\t\t\t\t<div class=\"elementor-element elementor-element-4c8abbc elementor-widget elementor-widget-text-editor\" data-id=\"4c8abbc\" data-element_type=\"widget\" data-widget_type=\"text-editor.default\">\n\t\t\t\t<div class=\"elementor-widget-container\">\n\t\t\t\t\t\t\t\t\t<p><em><span style=\"color: #ffffff;\">Creamos toda\u00a0 la Imagen Visual de tu Empresa, <strong>entre ellos anuncios digitales<\/strong> que dan a las personas motivos para consumir, para probar. Razones para creer.<\/span><\/em><\/p>\t\t\t\t\t\t\t\t<\/div>\n\t\t\t\t<\/div>\n\t\t\t\t<div class=\"elementor-element elementor-element-40f41bd elementor-widget elementor-widget-image\" data-id=\"40f41bd\" data-element_type=\"widget\" data-widget_type=\"image.default\">\n\t\t\t\t<div class=\"elementor-widget-container\">\n\t\t\t\t\t\t\t\t\t\t\t\t\t\t\t<img decoding=\"async\" width=\"768\" height=\"432\" src=\"https:\/\/bubopublicidad.com\/wp-content\/uploads\/2022\/11\/f3eb88128737741.615c7f6f26d21_003-768x432.png\" class=\"elementor-animation-grow attachment-medium_large size-medium_large wp-image-73\" alt=\"\" srcset=\"https:\/\/bubopublicidad.com\/wp-content\/uploads\/2022\/11\/f3eb88128737741.615c7f6f26d21_003-768x432.png 768w, https:\/\/bubopublicidad.com\/wp-content\/uploads\/2022\/11\/f3eb88128737741.615c7f6f26d21_003-300x169.png 300w, https:\/\/bubopublicidad.com\/wp-content\/uploads\/2022\/11\/f3eb88128737741.615c7f6f26d21_003-1024x576.png 1024w, https:\/\/bubopublicidad.com\/wp-content\/uploads\/2022\/11\/f3eb88128737741.615c7f6f26d21_003-1536x864.png 1536w, https:\/\/bubopublicidad.com\/wp-content\/uploads\/2022\/11\/f3eb88128737741.615c7f6f26d21_003.png 1920w\" sizes=\"100vw\" \/>\t\t\t\t\t\t\t\t\t\t\t\t\t\t\t<\/div>\n\t\t\t\t<\/div>\n\t\t\t\t\t<\/div>\n\t\t<\/div>\n\t\t\t\t\t<\/div>\n\t\t<\/section>\n\t\t\t\t<section class=\"elementor-section elementor-top-section elementor-element elementor-element-6ac08e0c elementor-section-height-min-height elementor-section-content-middle elementor-section-boxed elementor-section-height-default elementor-section-items-middle\" data-id=\"6ac08e0c\" data-element_type=\"section\" data-settings=\"{&quot;background_background&quot;:&quot;classic&quot;}\">\n\t\t\t\t\t\t\t<div class=\"elementor-background-overlay\"><\/div>\n\t\t\t\t\t\t\t<div class=\"elementor-container elementor-column-gap-no\">\n\t\t\t\t\t<div class=\"elementor-column elementor-col-50 elementor-top-column elementor-element elementor-element-e43d98c\" data-id=\"e43d98c\" data-element_type=\"column\">\n\t\t\t<div class=\"elementor-widget-wrap elementor-element-populated\">\n\t\t\t\t\t\t<div class=\"elementor-element elementor-element-6794746b elementor-widget elementor-widget-heading\" data-id=\"6794746b\" data-element_type=\"widget\" data-widget_type=\"heading.default\">\n\t\t\t\t<div class=\"elementor-widget-container\">\n\t\t\t\t\t<h5 class=\"elementor-heading-title elementor-size-default\">Registro de Marca<\/h5>\t\t\t\t<\/div>\n\t\t\t\t<\/div>\n\t\t\t\t<div class=\"elementor-element elementor-element-52f67474 elementor-widget elementor-widget-heading\" data-id=\"52f67474\" data-element_type=\"widget\" data-widget_type=\"heading.default\">\n\t\t\t\t<div class=\"elementor-widget-container\">\n\t\t\t\t\t<h6 class=\"elementor-heading-title elementor-size-default\"><b>Potencia tu presencia con una marca registrada.<\/b> El reconocimiento de \nmarca es esencial para destacar en el mercado. Con nuestro servicio de \nregistro de marcas, podr\u00e1s fortalecer tu presencia y asegurar tu \nreputaci\u00f3n.<\/h6>\t\t\t\t<\/div>\n\t\t\t\t<\/div>\n\t\t\t\t<div class=\"elementor-element elementor-element-13a4f932 elementor-mobile-align-center elementor-widget elementor-widget-button\" data-id=\"13a4f932\" data-element_type=\"widget\" data-widget_type=\"button.default\">\n\t\t\t\t<div class=\"elementor-widget-container\">\n\t\t\t\t\t\t\t\t\t<div class=\"elementor-button-wrapper\">\n\t\t\t\t\t<a class=\"elementor-button elementor-button-link elementor-size-sm elementor-animation-grow\" href=\"https:\/\/api.whatsapp.com\/send?phone=5219611119699&#038;text=Enlace%3Ahttps%3A%2F%2Ffb.me%2F3tbjO5YesVi%20esto%20en%20Facebook...&#038;source_url=https%3A%2F%2Ffb.me%2F3tbjO5Yes&#038;icebreaker=Vi%20esto%20en%20Facebook...&#038;app=facebook&#038;entry_point=post_cta&#038;jid=5219611119699%40s.whatsapp.net&#038;show_keyboard=1&#038;show_ad_attribution=1&#038;context=ARA3WBJSec8ioOY7HVs6myF4eguYNarSvApY7PkgFd4n9DXjKOusK7PjSLAgBWKarH5F4EF8AA8CzO0BTGdf4cC0_iQcnRc8-iWqdsIQW0UyGNhegbFOJzKZdUzbtsMNjJdmTx1QbJprDJ-g3u-JKPqjGFRetBUvM2HEpagluADfQXPHnWFBul9zT03QtndX_b59SUymg2aG4Kqc9lBNukXKpdY3NPik1k2Sh8MnYxwujdIKaFgFVNxlba4k0TM8jikXpeMpzBqM&#038;token=eyJhbGciOiJFUzI1NiIsInR5cCI6IkpXVCIsImtpZCI6IjEyNSJ9.eyJleHAiOjE2ODk5MTE5OTQsInBob25lIjoiNTIxOTYxMTExOTY5OSIsInRleHQiOiJFbmxhY2U6XG5odHRwczpcL1wvZmIubWVcLzN0YmpPNVllc1xuXG5WaSBlc3RvIGVuIEZhY2Vib29rLi4uIiwic291cmNlX3VybCI6Imh0dHBzOlwvXC9mYi5tZVwvM3Riak81WWVzIiwiaWNlYnJlYWtlciI6IlZpIGVzdG8gZW4gRmFjZWJvb2suLi4iLCJhcHAiOiJmYWNlYm9vayIsImVudHJ5X3BvaW50IjoicG9zdF9jdGEiLCJqaWQiOiI1MjE5NjExMTE5Njk5XHUwMDQwcy53aGF0c2FwcC5uZXQiLCJzaG93X2tleWJvYXJkIjoxLCJzaG93X2FkX2F0dHJpYnV0aW9uIjoxfQ._igEeUqDJAUrKyFHpj68WO6dakB6lM_5d9Ato3hOB1NEM7teXoECfh-3LlAjUfZPqjNp6Jw5oDGfhd8Gpzx42A&#038;fbclid=IwAR3bcN_55uCRZ1dbMlflHooT2YoselBqjV7yThOe1wNuybLorO_URVCGB80\">\n\t\t\t\t\t\t<span class=\"elementor-button-content-wrapper\">\n\t\t\t\t\t\t\t\t\t<span class=\"elementor-button-text\">M\u00e1s Informaci\u00f3n<\/span>\n\t\t\t\t\t<\/span>\n\t\t\t\t\t<\/a>\n\t\t\t\t<\/div>\n\t\t\t\t\t\t\t\t<\/div>\n\t\t\t\t<\/div>\n\t\t\t\t\t<\/div>\n\t\t<\/div>\n\t\t\t\t<div class=\"elementor-column elementor-col-50 elementor-top-column elementor-element elementor-element-4de3953c\" data-id=\"4de3953c\" data-element_type=\"column\">\n\t\t\t<div class=\"elementor-widget-wrap elementor-element-populated\">\n\t\t\t\t\t\t<div class=\"elementor-element elementor-element-efbdc08 elementor-widget elementor-widget-video\" data-id=\"efbdc08\" data-element_type=\"widget\" data-settings=\"{&quot;youtube_url&quot;:&quot;https:\\\/\\\/youtube.com\\\/shorts\\\/7UBJh3SAo34?feature=share&quot;,&quot;autoplay&quot;:&quot;yes&quot;,&quot;loop&quot;:&quot;yes&quot;,&quot;show_image_overlay&quot;:&quot;yes&quot;,&quot;image_overlay&quot;:{&quot;url&quot;:&quot;https:\\\/\\\/bubopublicidad.com\\\/wp-content\\\/uploads\\\/2023\\\/07\\\/9040c7164460419.jpg&quot;,&quot;id&quot;:159,&quot;size&quot;:&quot;&quot;,&quot;alt&quot;:&quot;&quot;,&quot;source&quot;:&quot;library&quot;},&quot;video_type&quot;:&quot;youtube&quot;,&quot;controls&quot;:&quot;yes&quot;}\" data-widget_type=\"video.default\">\n\t\t\t\t<div class=\"elementor-widget-container\">\n\t\t\t\t\t\t\t<div class=\"elementor-wrapper elementor-open-inline\">\n\t\t\t<div class=\"elementor-video\"><\/div>\t\t\t\t<div class=\"elementor-custom-embed-image-overlay\" style=\"background-image: url(https:\/\/bubopublicidad.com\/wp-content\/uploads\/2023\/07\/9040c7164460419.jpg);\">\n\t\t\t\t\t\t\t\t\t\t\t\t\t\t\t\t<div class=\"elementor-custom-embed-play\" role=\"button\" aria-label=\"Reproducir video\" tabindex=\"0\">\n\t\t\t\t\t\t\t<i aria-hidden=\"true\" class=\"eicon-play\"><\/i>\t\t\t\t\t\t<\/div>\n\t\t\t\t\t\t\t\t\t<\/div>\n\t\t\t\t\t<\/div>\n\t\t\t\t\t\t<\/div>\n\t\t\t\t<\/div>\n\t\t\t\t\t<\/div>\n\t\t<\/div>\n\t\t\t\t\t<\/div>\n\t\t<\/section>\n\t\t\t\t<\/div>\n\t\t","protected":false},"excerpt":{"rendered":"<p>Cada Empresa tiene su Historia, y\u00a0 su Identidad \u00danica, Esperamos tener la oportunidad de trabajar contigo y ayudarte a lograr tus objetivos\u00a0 de Identidad Visual de tu Empresa. Hola Soy David A. Camacho, Nuestra Agencia se Centra en el Dise\u00f1o y Estrategia Comercial de tu Cl\u00ednica, Consultorio, Profesi\u00f3n y de tu Empresa. \u00a0Todo esto de &hellip; <\/p>\n<p class=\"link-more\"><a href=\"https:\/\/bubopublicidad.com\/index.php\/acerca-de\/\" class=\"more-link\">Leer m\u00e1s<span class=\"screen-reader-text\"> \u00abNosotros\u00bb<\/span><\/a><\/p>\n","protected":false},"author":1,"featured_media":18,"parent":0,"menu_order":0,"comment_status":"closed","ping_status":"closed","template":"elementor_header_footer","meta":{"footnotes":""},"_links":{"self":[{"href":"https:\/\/bubopublicidad.com\/index.php\/wp-json\/wp\/v2\/pages\/12"}],"collection":[{"href":"https:\/\/bubopublicidad.com\/index.php\/wp-json\/wp\/v2\/pages"}],"about":[{"href":"https:\/\/bubopublicidad.com\/index.php\/wp-json\/wp\/v2\/types\/page"}],"author":[{"embeddable":true,"href":"https:\/\/bubopublicidad.com\/index.php\/wp-json\/wp\/v2\/users\/1"}],"replies":[{"embeddable":true,"href":"https:\/\/bubopublicidad.com\/index.php\/wp-json\/wp\/v2\/comments?post=12"}],"version-history":[{"count":69,"href":"https:\/\/bubopublicidad.com\/index.php\/wp-json\/wp\/v2\/pages\/12\/revisions"}],"predecessor-version":[{"id":296,"href":"https:\/\/bubopublicidad.com\/index.php\/wp-json\/wp\/v2\/pages\/12\/revisions\/296"}],"wp:featuredmedia":[{"embeddable":true,"href":"https:\/\/bubopublicidad.com\/index.php\/wp-json\/wp\/v2\/media\/18"}],"wp:attachment":[{"href":"https:\/\/bubopublicidad.com\/index.php\/wp-json\/wp\/v2\/media?parent=12"}],"curies":[{"name":"wp","href":"https:\/\/api.w.org\/{rel}","templated":true}]}}